{"id":166,"date":"2021-11-11T11:15:53","date_gmt":"2021-11-11T11:15:53","guid":{"rendered":"https:\/\/www.efppsuomi.fi\/?page_id=166"},"modified":"2025-10-31T15:12:14","modified_gmt":"2025-10-31T13:12:14","slug":"yhdistykset","status":"publish","type":"page","link":"https:\/\/www.efppsuomi.fi\/index.php\/yhdistykset\/","title":{"rendered":"J\u00e4senyhdistykset:"},"content":{"rendered":"\n<p class=\"has-text-align-center\">EFPP:ll\u00e4 on t\u00e4ll\u00e4 hetkell\u00e4 17 j\u00e4senyhdistyst\u00e4 Suomessa. Osalla yhdistyksist\u00e4 on j\u00e4senyys useammassa jaoksessa.<\/p>\n\n\n\n<p class=\"has-text-align-center\"><strong>AIKUISTEN YKSIL\u00d6PSYKOTERAPIA:<\/strong><\/p>\n\n\n\n<p class=\"has-text-align-center\">Finlands Svenska Psykoterapif\u00f6rening rf<br><a href=\"http:\/\/www.psykoterapiutbildning.fi\" target=\"_blank\" rel=\"noreferrer noopener\">www.psykoterapiutbildning.fi<\/a><br>ESITE: <a href=\"https:\/\/www.efppsuomi.fi\/wp-content\/uploads\/2023\/10\/Om-FSP-bakgrund-och-verksamhet-.pdf\" target=\"_blank\" rel=\"noreferrer noopener\">Finlands Svenska Psykoterapif\u00f6rening rf<\/a><\/p>\n\n\n\n<p class=\"has-text-align-center\">Helsingin Psykoterapiaseura ry<br><a href=\"http:\/\/www.helsinginpsykoterapiaseura.fi\/\" target=\"_blank\" rel=\"noreferrer noopener\">www.helsinginpsykoterapiaseura.fi<\/a><\/p>\n\n\n\n<p class=\"has-text-align-center\">Helsingin Psykoterapiayhdistys ry. &#8211; Helsingfors Psykoterapif\u00f6rening rf<br><a rel=\"noreferrer noopener\" href=\"http:\/\/www.helsinginpsykoterapiayhdistys.fi\/\" target=\"_blank\">www.helsinginpsykoterapiayhdistys.fi<\/a><\/p>\n\n\n\n<p class=\"has-text-align-center\">It\u00e4-Suomen Psykoterapiayhdistys ry<br><a rel=\"noreferrer noopener\" href=\"http:\/\/www.ispy.fi\/\" target=\"_blank\">www.ispy.fi<\/a><\/p>\n\n\n\n<p class=\"has-text-align-center\">Nuorisopsykoterapia-s\u00e4\u00e4ti\u00f6 &#8211; Stiftelsen f\u00f6r ungdomspsykoterapi<br><a href=\"http:\/\/www.nuorisopsykoterapia.org\/\" target=\"_blank\" rel=\"noreferrer noopener\">www.nuorisopsykoterapia.org<\/a><\/p>\n\n\n\n<p class=\"has-text-align-center\">Pohjanmaan Psykoterapiaseura ry<br><a href=\"http:\/\/www.pohjanmaanpsykoterapiaseura.fi\/\" target=\"_blank\" rel=\"noreferrer noopener\">www.pohjanmaanpsykoterapiaseura.fi<\/a><\/p>\n\n\n\n<p class=\"has-text-align-center\">Psykoterapias\u00e4\u00e4ti\u00f6 Monasteri<br><a href=\"http:\/\/www.monasteri.fi\/\" target=\"_blank\" rel=\"noreferrer noopener\">www.monasteri.fi<\/a><\/p>\n\n\n\n<p class=\"has-text-align-center\">Suomen Kuvataidepsykoterapeuttien Liitto ry<br>&nbsp;<a rel=\"noreferrer noopener\" href=\"http:\/\/www.kuvataidepsykoterapia.fi\/\" target=\"_blank\">www.kuvataidepsykoterapia.fi<\/a><\/p>\n\n\n\n<p class=\"has-text-align-center\">Suomen Kuvataidepsykoterapia ry<br><a href=\"http:\/\/www.suomenkuvataidepsykoterapia.fi\/\" target=\"_blank\" rel=\"noreferrer noopener\">www.suomenkuvataidepsykoterapia.fi<\/a><br>ESITE: <a href=\"https:\/\/www.efppsuomi.fi\/wp-content\/uploads\/2023\/10\/Suomen-Kuvataidepsykoterapia-ry-esite-17.2.2023.pdf\" target=\"_blank\" rel=\"noreferrer noopener\">Suomen Kuvataidepsykoterapia ry<\/a><\/p>\n\n\n\n<p class=\"has-text-align-center\">Suomen Psykoanalyyttinen yhdistys ry<br><a href=\"https:\/\/psykoanalyysi.com\/\" target=\"_blank\" rel=\"noreferrer noopener\">www.psykoanalyysi.com<\/a><br>ESITE: <a rel=\"noreferrer noopener\" href=\"https:\/\/www.efppsuomi.fi\/wp-content\/uploads\/2023\/10\/Suomen-Psykoanalyyttinen-Yhdistys-ry-.pdf\" target=\"_blank\">Suomen Psykoanalyyttinen Yhdistys ry<\/a><\/p>\n\n\n\n<p class=\"has-text-align-center\">Therapeia-s\u00e4\u00e4ti\u00f6<br><a href=\"http:\/\/www.therapeia-saatio.fi\/\" target=\"_blank\" rel=\"noreferrer noopener\">www.therapeia-saatio.fi<\/a><\/p>\n\n\n\n<p class=\"has-text-align-center\">Therapeia-yhdistys ry. &#8211; Therapeia Society<br><a href=\"http:\/\/therapeia-yhdistys.fi\/\" target=\"_blank\" rel=\"noreferrer noopener\">www.therapeia-yhdistys.fi<\/a><br>ESITE: <a href=\"https:\/\/www.efppsuomi.fi\/wp-content\/uploads\/2023\/10\/Therapeiayhdistyksen-esittely_EFPP-7.6.22.pdf\" target=\"_blank\" rel=\"noreferrer noopener\">Therapeia-yhdistys ry<\/a><\/p>\n\n\n\n<p class=\"has-text-align-center\">Turun Psykoterapiayhdistys ry<br><a href=\"http:\/\/www.turunpsykoterapiayhdistys.fi\/\" target=\"_blank\" rel=\"noreferrer noopener\">www.turunpsykoterapiayhdistys.fi<\/a><\/p>\n\n\n\n<p class=\"has-text-align-center\"><strong>RYHM\u00c4PSYKOTERAPIA:<\/strong><\/p>\n\n\n\n<p class=\"has-text-align-center\">Ryhm\u00e4analyysiyhdistys ry. &#8211; F\u00f6rening f\u00f6r Gruppanalys rf<br><a rel=\"noreferrer noopener\" href=\"http:\/\/www.ryhmaanalyysi.fi\/\" target=\"_blank\">www.ryhmaanalyysi.fi<\/a><\/p>\n\n\n\n<p class=\"has-text-align-center\">Suomen ryhm\u00e4psykoterapia ry. &#8211; Gruppsykoterapi i Finland rf<br><a rel=\"noreferrer noopener\" href=\"http:\/\/www.suomenryhmapsykoterapia.fi\/\" target=\"_blank\">www.suomenryhmapsykoterapia.fi<\/a><br>ESITE: <a href=\"https:\/\/www.efppsuomi.fi\/wp-content\/uploads\/2023\/10\/SUOMEN-RYHMAPSYKOTERAPIA-R2-kuvallinen-.pdf\" target=\"_blank\" rel=\"noreferrer noopener\">Suomen ryhm\u00e4psykoterapia ry<\/a><\/p>\n\n\n\n<p class=\"has-text-align-center\"><strong>LASTEN- JA NUORISOPSYKOTERAPIA:<\/strong><\/p>\n\n\n\n<p class=\"has-text-align-center\">Helsingin Psykoterapiaseura ry<br><a rel=\"noreferrer noopener\" href=\"http:\/\/www.helsinginpsykoterapiaseura.fi\/\" target=\"_blank\">www.helsinginpsykoterapiaseura.fi<\/a><\/p>\n\n\n\n<p class=\"has-text-align-center\">Suomen Kuvataidepsykoterapeuttien Liitto ry<br><a href=\"https:\/\/www.kuvataidepsykoterapia.fi\/\" target=\"_blank\" rel=\"noreferrer noopener\">www.kuvataidepsykoterapia.fi<\/a><\/p>\n\n\n\n<p class=\"has-text-align-center\">Suomen Lasten- ja Nuorisopsykoterapiayhdistys ry<br><a href=\"http:\/\/www.lastenjanuortenpsykoterapia.fi\/\" target=\"_blank\" rel=\"noreferrer noopener\">www.lastenjanuortenpsykoterapia.fi<\/a><br>ESITE: <a href=\"https:\/\/www.efppsuomi.fi\/wp-content\/uploads\/2023\/10\/SLNPT-YHDISTYS-9.2.2022-1.pdf\" target=\"_blank\" rel=\"noreferrer noopener\">Suomen Lasten- ja Nuorisopsykoterapiayhdistys ry<\/a><br><br>Suomen Psykoanalyyttinen yhdistys ry<br><a href=\"https:\/\/psykoanalyysi.com\/\" target=\"_blank\" rel=\"noreferrer noopener\">www.psykoanalyysi.com<\/a><br>ESITE: <a href=\"https:\/\/www.efppsuomi.fi\/wp-content\/uploads\/2023\/10\/Suomen-Psykoanalyyttinen-Yhdistys-ry-.pdf\" target=\"_blank\" rel=\"noreferrer noopener\">Suomen Psykoanalyyttinen Yhdistys ry<\/a><\/p>\n\n\n\n<p class=\"has-text-align-center\">Therapeia-s\u00e4\u00e4ti\u00f6<br><a href=\"http:\/\/www.therapeia-saatio.fi\/\" target=\"_blank\" rel=\"noreferrer noopener\">www.therapeia-saatio.fi<\/a><\/p>\n\n\n\n<p class=\"has-text-align-center\">Therapeia-yhdistys ry. &#8211; Therapeia Society<br><a href=\"http:\/\/therapeia-yhdistys.fi\/\" target=\"_blank\" rel=\"noreferrer noopener\">www.therapeia-yhdistys.fi<\/a><br>ESITE: <a href=\"https:\/\/www.efppsuomi.fi\/wp-content\/uploads\/2023\/10\/Therapeiayhdistyksen-esittely_EFPP-7.6.22.pdf\" target=\"_blank\" rel=\"noreferrer noopener\">Therapeia-yhdistys ry<\/a><\/p>\n\n\n\n<p class=\"has-text-align-center\"><strong>PARI- JA PERHEPSYKOTERAPIA:<\/strong><\/p>\n\n\n\n<p class=\"has-text-align-center\">Helsingin Psykoterapiayhdistys ry. &#8211; Helsingfors Psykoterapif\u00f6rening rf&nbsp;<br><a href=\"http:\/\/www.helsinginpsykoterapiayhdistys.fi\/\" target=\"_blank\" rel=\"noreferrer noopener\">www.helsinginpsykoterapiayhdistys.com<\/a><\/p>\n\n\n\n<p class=\"has-text-align-center\">Therapeia-s\u00e4\u00e4ti\u00f6<br><a href=\"http:\/\/www.therapeia-saatio.fi\/\" target=\"_blank\" rel=\"noreferrer noopener\">www.therapeia-saatio.fi<\/a><\/p>\n\n\n\n<p class=\"has-text-align-center\">Therapeia-yhdistys ry. &#8211; Therapeia Society<br><a href=\"http:\/\/therapeia-yhdistys.fi\/\" target=\"_blank\" rel=\"noreferrer noopener\">www.therapeia-yhdistys.fi<\/a><br>ESITE: <a href=\"https:\/\/www.efppsuomi.fi\/wp-content\/uploads\/2023\/10\/Therapeiayhdistyksen-esittely_EFPP-7.6.22.pdf\" target=\"_blank\" rel=\"noreferrer noopener\">Therapeia-yhdistys ry<\/a><\/p>\n\n\n\n<p class=\"has-text-align-center\"><\/p>\n","protected":false},"excerpt":{"rendered":"<p>EFPP:ll\u00e4 on t\u00e4ll\u00e4 hetkell\u00e4 17 j\u00e4senyhdistyst\u00e4 Suomessa. Osalla&#8230;<\/p>\n<div class=\"more-link-wrapper\"><a class=\"more-link\" href=\"https:\/\/www.efppsuomi.fi\/index.php\/yhdistykset\/\">Lue lis\u00e4\u00e4<span class=\"screen-reader-text\">J\u00e4senyhdistykset:<\/span><\/a><\/div>\n","protected":false},"author":1,"featured_media":0,"parent":0,"menu_order":0,"comment_status":"closed","ping_status":"closed","template":"","meta":{"footnotes":""},"class_list":["post-166","page","type-page","status-publish","hentry","entry"],"_links":{"self":[{"href":"https:\/\/www.efppsuomi.fi\/index.php\/wp-json\/wp\/v2\/pages\/166","targetHints":{"allow":["GET"]}}],"collection":[{"href":"https:\/\/www.efppsuomi.fi\/index.php\/wp-json\/wp\/v2\/pages"}],"about":[{"href":"https:\/\/www.efppsuomi.fi\/index.php\/wp-json\/wp\/v2\/types\/page"}],"author":[{"embeddable":true,"href":"https:\/\/www.efppsuomi.fi\/index.php\/wp-json\/wp\/v2\/users\/1"}],"replies":[{"embeddable":true,"href":"https:\/\/www.efppsuomi.fi\/index.php\/wp-json\/wp\/v2\/comments?post=166"}],"version-history":[{"count":24,"href":"https:\/\/www.efppsuomi.fi\/index.php\/wp-json\/wp\/v2\/pages\/166\/revisions"}],"predecessor-version":[{"id":4084,"href":"https:\/\/www.efppsuomi.fi\/index.php\/wp-json\/wp\/v2\/pages\/166\/revisions\/4084"}],"wp:attachment":[{"href":"https:\/\/www.efppsuomi.fi\/index.php\/wp-json\/wp\/v2\/media?parent=166"}],"curies":[{"name":"wp","href":"https:\/\/api.w.org\/{rel}","templated":true}]}}