{"id":545,"date":"2021-11-22T12:27:05","date_gmt":"2021-11-22T12:27:05","guid":{"rendered":"https:\/\/www.efppsuomi.fi\/?page_id=545"},"modified":"2021-11-22T12:27:06","modified_gmt":"2021-11-22T12:27:06","slug":"ilmoittautuminen","status":"publish","type":"page","link":"https:\/\/www.efppsuomi.fi\/index.php\/ilmoittautuminen\/","title":{"rendered":"Ilmoittautuminen"},"content":{"rendered":"<div class=\"wpforms-container wpforms-container-full wpforms-block\" id=\"wpforms-542\"><form id=\"wpforms-form-542\" class=\"wpforms-validate wpforms-form wpforms-ajax-form\" data-formid=\"542\" method=\"post\" enctype=\"multipart\/form-data\" action=\"\/index.php\/wp-json\/wp\/v2\/pages\/545\" data-token=\"bf7019f5b0e9ce2740e9f12f11a81d07\" data-token-time=\"1778833510\"><noscript class=\"wpforms-error-noscript\">Please enable JavaScript in your browser to complete this form.<\/noscript><div class=\"wpforms-field-container\"><div id=\"wpforms-542-field_52-container\" class=\"wpforms-field wpforms-field-text\" data-field-id=\"52\"><label class=\"wpforms-field-label\" for=\"wpforms-542-field_52\">PSYKODYNAAMINEN PSYKOTERAPIA T\u00c4N\u00c4\u00c4N pe 2.10 klo 9-16<\/label><input type=\"text\" id=\"wpforms-542-field_52\" class=\"wpforms-field-small\" name=\"wpforms[fields][52]\" ><\/div><div id=\"wpforms-542-field_1-container\" class=\"wpforms-field wpforms-field-name\" data-field-id=\"1\"><label class=\"wpforms-field-label\" for=\"wpforms-542-field_1\">Nimesi: <span class=\"wpforms-required-label\">*<\/span><\/label><input type=\"text\" id=\"wpforms-542-field_1\" class=\"wpforms-field-large wpforms-field-required\" name=\"wpforms[fields][1]\" required><\/div><div id=\"wpforms-542-field_2-container\" class=\"wpforms-field wpforms-field-email\" data-field-id=\"2\"><label class=\"wpforms-field-label\" for=\"wpforms-542-field_2\">S\u00e4hk\u00f6postiosoitteesi: <span class=\"wpforms-required-label\">*<\/span><\/label><input type=\"email\" id=\"wpforms-542-field_2\" class=\"wpforms-field-large wpforms-field-required\" name=\"wpforms[fields][2]\" spellcheck=\"false\" required><\/div><div id=\"wpforms-542-field_10-container\" class=\"wpforms-field wpforms-field-name\" data-field-id=\"10\"><label class=\"wpforms-field-label\" for=\"wpforms-542-field_10\">Maksajan nimi: <span class=\"wpforms-required-label\">*<\/span><\/label><input type=\"text\" id=\"wpforms-542-field_10\" class=\"wpforms-field-large wpforms-field-required\" name=\"wpforms[fields][10]\" required><div class=\"wpforms-field-description\">Maksettu osallistumismaksu yhdistyy osallistujaan maksajan nimen mukaan.<\/div><\/div><div id=\"wpforms-542-field_7-container\" class=\"wpforms-field wpforms-field-textarea\" data-field-id=\"7\"><textarea id=\"wpforms-542-field_7\" class=\"wpforms-field-medium\" name=\"wpforms[fields][7]\" ><\/textarea><div class=\"wpforms-field-description\">L\u00e4hetetty\u00e4si ilmoittautumisen saat n\u00e4yt\u00f6lle vahvistuksen siit\u00e4. Erillist\u00e4 vahvistusviesti\u00e4 ei tule. \nAntamiasi tietoja ei k\u00e4ytet\u00e4 muuhun tarkoitukseen, ja tietoja s\u00e4ilytet\u00e4\u00e4n vain siihen saakka kunnes laskutus on saatu hoidettua loppuun. Kiitos!<\/div><\/div><\/div><!-- .wpforms-field-container --><div class=\"wpforms-submit-container\" ><input type=\"hidden\" name=\"wpforms[id]\" value=\"542\"><input type=\"hidden\" name=\"page_title\" value=\"\"><input type=\"hidden\" name=\"page_url\" value=\"https:\/\/www.efppsuomi.fi\/index.php\/wp-json\/wp\/v2\/pages\/545\"><input type=\"hidden\" name=\"url_referer\" value=\"\"><button type=\"submit\" name=\"wpforms[submit]\" id=\"wpforms-submit-542\" class=\"wpforms-submit\" data-alt-text=\"Sending...\" data-submit-text=\"L\u00e4het\u00e4\/ Send\" aria-live=\"assertive\" value=\"wpforms-submit\">L\u00e4het\u00e4\/ Send<\/button><img loading=\"lazy\" decoding=\"async\" src=\"https:\/\/www.efppsuomi.fi\/wp-content\/plugins\/wpforms-lite\/assets\/images\/submit-spin.svg\" class=\"wpforms-submit-spinner\" style=\"display: none;\" width=\"26\" height=\"26\" alt=\"Loading\"><\/div><\/form><\/div>  <!-- .wpforms-container -->","protected":false},"excerpt":{"rendered":"","protected":false},"author":1,"featured_media":0,"parent":0,"menu_order":0,"comment_status":"closed","ping_status":"closed","template":"","meta":{"footnotes":""},"class_list":["post-545","page","type-page","status-publish","hentry","entry"],"_links":{"self":[{"href":"https:\/\/www.efppsuomi.fi\/index.php\/wp-json\/wp\/v2\/pages\/545","targetHints":{"allow":["GET"]}}],"collection":[{"href":"https:\/\/www.efppsuomi.fi\/index.php\/wp-json\/wp\/v2\/pages"}],"about":[{"href":"https:\/\/www.efppsuomi.fi\/index.php\/wp-json\/wp\/v2\/types\/page"}],"author":[{"embeddable":true,"href":"https:\/\/www.efppsuomi.fi\/index.php\/wp-json\/wp\/v2\/users\/1"}],"replies":[{"embeddable":true,"href":"https:\/\/www.efppsuomi.fi\/index.php\/wp-json\/wp\/v2\/comments?post=545"}],"version-history":[{"count":2,"href":"https:\/\/www.efppsuomi.fi\/index.php\/wp-json\/wp\/v2\/pages\/545\/revisions"}],"predecessor-version":[{"id":547,"href":"https:\/\/www.efppsuomi.fi\/index.php\/wp-json\/wp\/v2\/pages\/545\/revisions\/547"}],"wp:attachment":[{"href":"https:\/\/www.efppsuomi.fi\/index.php\/wp-json\/wp\/v2\/media?parent=545"}],"curies":[{"name":"wp","href":"https:\/\/api.w.org\/{rel}","templated":true}]}}